{"id":65,"date":"2016-06-13T14:16:18","date_gmt":"2016-06-13T18:16:18","guid":{"rendered":"http:\/\/iblog.dearbornschools.org\/translation\/?page_id=65"},"modified":"2021-10-12T15:19:23","modified_gmt":"2021-10-12T19:19:23","slug":"verbal-translationinterpretation","status":"publish","type":"page","link":"https:\/\/dearbornschools.org\/translations\/verbal-translationinterpretation\/","title":{"rendered":"Interpreting Services\/ \u062a\u0631\u062c\u0645\u0629 \u0634\u0641\u0647\u064a\u0629"},"content":{"rendered":"\n\n\n<ul class=\"has-medium-font-size wp-block-list\"><li><strong>\u0639\u0628\u0631 \u0627\u0644\u0647\u0627\u062a\u0641 \u0648 \u0639\u0646 \u0628\u064f\u0639\u062f \u0648\u0634\u062e\u0635\u064a\u0627\u064b<\/strong><\/li><li><strong>\u0628\u0627\u0644\u0644\u063a\u0629 \u0627\u0644\u0639\u0631\u0628\u064a\u0629 \u0641\u064a \u062c\u0645\u064a\u0639 \u0627\u0644\u0645\u062f\u0627\u0631\u0633 \u0648 \u0627\u0644\u0645\u0631\u0643\u0632 \u0627\u0644\u0631\u0626\u064a\u0633<\/strong>\u064a<\/li><li>\u0628<strong>\u0623\u064a \u0644\u063a\u0629 \u0645\u0646 \u0627\u0644\u0644\u063a\u0627\u062a \u0627\u0644\u0645\u0637\u0644\u0648\u0628\u0629 \u0645\u0646 \u0642\u0650\u0628\u0644 \u0623\u0641\u0631\u0627\u062f \u0627\u0644\u0645\u062c\u062a\u0645\u0639 ( \u062a\u0628\u0639\u0627\u064b \u0644\u0644\u062d\u0627\u062c\u0629) \u0644\u062c\u0645\u064a\u0639 \u0627\u0644\u0645\u062f\u0627\u0631\u0633<\/strong><\/li><li><strong>\u062a\u062a\u0648\u0641\u0631 \u0627\u0644\u062a\u0631\u062c\u0645\u0629 \u0641\u064a \u062c\u0645\u064a\u0639 \u0627\u0644\u0646\u0634\u0627\u0637\u0627\u062a \u0648 \u0627\u0644\u0645\u0646\u0627\u0633\u0628\u0627\u062a \u0648 \u0627\u0644\u0627\u062c\u062a\u0645\u0627\u0639\u0627\u062a \u0645\u0646\u0647\u0627 \u0639\u0644\u0649 \u0633\u0628\u064a\u0644 \u0627\u0644\u0645\u062b\u0627\u0644: <\/strong><ol><li><strong>\u0627\u062c\u062a\u0645\u0627\u0639\u0627\u062a \u0627\u0644\u0623\u0647\u0627\u0644\u064a \u0648\u0627\u0644\u0645\u0639\u0644\u0645\u064a\u0646<\/strong><\/li><li><strong>\u0627\u0644\u0645\u062d\u0627\u0636\u0631\u0627\u062a \u0627\u0644\u062a\u062b\u0642\u064a\u0641\u064a\u0629<\/strong><\/li><li><strong>\u062c\u0644\u0633\u0627\u062a \u0627\u0644\u062a\u0642\u064a\u064a\u0645 \u0627\u0644\u0633\u0644\u0648\u0643\u064a\u0629 \u0648\u0627\u0644\u0623\u0643\u0627\u062f\u064a\u0645\u064a\u0629<\/strong><\/li><li><strong>\u0627\u0644\u0645\u0624\u062a\u0645\u0631\u0627\u062a<\/strong><\/li><li><strong>\u0645\u0631\u0627\u0633\u0645 \u0627\u0644\u062a\u062e\u0631\u062c \u0648 \u0627\u0644\u062a\u0631\u0641\u064a\u0639<\/strong><\/li><li><strong>\u0627\u062c\u062a\u0645\u0627\u0639\u0627\u062a \u0642\u0633\u0645 \u0627\u0644\u0627\u062d\u062a\u064a\u0627\u062c\u0627\u062a \u0627\u0644\u062e\u0627\u0635\u0629<\/strong><\/li><li><strong>\u0627\u062c\u062a\u0645\u0627\u0639\u0627\u062a \u0627\u0644\u0632\u0648\u0648\u0645<\/strong><\/li><li><strong>\u0639\u0645\u0644\u064a\u0629 \u0627\u0644\u062a\u0633\u062c\u064a\u0644<\/strong> <\/li><\/ol><\/li><\/ul>\n\n\n\n<p class=\"has-text-align-left has-blue-color has-text-color has-normal-font-size\">Arabic<\/p>\n\n\n\n<p class=\"has-text-align-left has-normal-font-size\">\u0644\u0644\u0645\u0633\u0627\u0639\u062f\u0629 \u0627\u0644\u0644\u063a\u0648\u064a\u0629 \u0628\u0627\u0644\u0644\u063a\u0629 \u0627\u0644\u0639\u0631\u0628\u064a\u0629 \u0627\u0644\u0631\u062c\u0627\u0621 \u0627\u0644\u0627\u062a\u0635\u0627\u0644 \u0639\u0644\u0649 \u0627\u0644\u062e\u0637 \u0627\u0644\u0633\u0627\u062e\u0646 \u0631\u0642\u0645 \u0663\u06f0\u06f9\u0662 -\u0668\u0662\u0667\u200f- \u06f3\u0661\u0663 \u0623\u0648 \u0627\u0644\u0628\u0631\u064a\u062f \u0627\u0644\u0625\u0644\u0643\u062a\u0631\u0648\u0646\u064a \u0627\u0644\u062a\u0627\u0644\u064a: <a href=\"mailto:kodamam@dearbornschools.org\">kodamam@dearbornschools.org<\/a><\/p>\n\n\n\n<p class=\"has-text-align-left has-blue-color has-text-color has-normal-font-size\">Spanish<\/p>\n\n\n\n<p class=\"has-text-align-left has-normal-font-size\">&#8220;Para obtener ayuda con el idioma en espa\u00f1ol, llame a nuestra l\u00ednea directa al (313) 827-6922, o env\u00edenos un correo electr\u00f3nico a <a href=\"mailto:litwalj@dearbornschools.org\" target=\"_blank\" rel=\"noreferrer noopener\">litwalj@dearbornschools.org<\/a>&#8220;<\/p>\n\n\n\n<p class=\"has-text-align-left has-blue-color has-text-color has-normal-font-size\">French<\/p>\n\n\n\n<p class=\"has-text-align-left has-normal-font-size\">Pour services d&#8217;assistance linguistique en Fran\u00e7ais,&nbsp; veuillez contacter notre service Hotline au num\u00e9ro (313) 827-6452 ou contactez nous \u00e0 l&#8217;adresse email suivante:&nbsp; <a href=\"mailto:ourchaf@dearbornschools.org\">ourchaf@dearbornschools.org<\/a><\/p>\n\n\n\n<p class=\"has-text-align-left has-blue-color has-text-color has-normal-font-size\">Urdu<\/p>\n\n\n\n<p class=\"has-text-align-left has-normal-font-size\">\u0627\u0631\u062f\u0648 \u0630\u0628\u0627\u0646 \u0645\u06cc\u06ba \u062a\u0631\u062c\u0645\u06d2 \u06a9\u06d2 \u0644\u06cc\u06d2 \u0627\u0633 \u0646\u0645\u0628\u0631 \u067e\u0631 \u0631\u0627\u0628\u0637 \u06a9\u0631\u06cc\u06ba&nbsp; \u06f3\u06f1\u06f3\u06f8\u06f2\u06f7\u06f6\u06f5\u06f9\u06f5\u06cc\u0627 \u0627\u06cc \u0645\u06cc\u0644 \u06a9\u0631\u06cc\u06ba&nbsp; <a href=\"mailto:qureshr@dearbornschool.org\" target=\"_blank\" rel=\"noreferrer noopener\">qureshr@dearbornschool.org<\/a><\/p>\n\n\n\n<p class=\"has-text-align-left has-blue-color has-text-color has-normal-font-size\">Chinese<\/p>\n\n\n\n<p class=\"has-text-align-left has-normal-font-size\">\u9700\u8981\u4e2d\u6587\u5e2e\u52a9\uff0c\u8bf7\u6253\u70ed\u7ebf\u7535\u8bdd313-827-2773,\u6216\u7535\u90ae\u7ed9<a href=\"mailto:wei@dearbornschools.org\" target=\"_blank\" rel=\"noreferrer noopener\">wei@dearbornschools.org<\/a><\/p>\n","protected":false},"excerpt":{"rendered":"<p>\u0639\u0628\u0631 \u0627\u0644\u0647\u0627\u062a\u0641 \u0648 \u0639\u0646 \u0628\u064f\u0639\u062f \u0648\u0634\u062e\u0635\u064a\u0627\u064b \u0628\u0627\u0644\u0644\u063a\u0629 \u0627\u0644\u0639\u0631\u0628\u064a\u0629 \u0641\u064a \u062c\u0645\u064a\u0639 \u0627\u0644\u0645\u062f\u0627\u0631\u0633 \u0648 \u0627\u0644\u0645\u0631\u0643\u0632 \u0627\u0644\u0631\u0626\u064a\u0633\u064a \u0628\u0623\u064a \u0644\u063a\u0629 \u0645\u0646 \u0627\u0644\u0644\u063a\u0627\u062a \u0627\u0644\u0645\u0637\u0644\u0648\u0628\u0629 \u0645\u0646 \u0642\u0650\u0628\u0644 \u0623\u0641\u0631\u0627\u062f \u0627\u0644\u0645\u062c\u062a\u0645\u0639 ( \u062a\u0628\u0639\u0627\u064b \u0644\u0644\u062d\u0627\u062c\u0629) \u0644\u062c\u0645\u064a\u0639 \u0627\u0644\u0645\u062f\u0627\u0631\u0633 \u062a\u062a\u0648\u0641\u0631 \u0627\u0644\u062a\u0631\u062c\u0645\u0629 \u0641\u064a \u062c\u0645\u064a\u0639 \u0627\u0644\u0646\u0634\u0627\u0637\u0627\u062a \u0648 \u0627\u0644\u0645\u0646\u0627\u0633\u0628\u0627\u062a \u0648 \u0627\u0644\u0627\u062c\u062a\u0645\u0627\u0639\u0627\u062a \u0645\u0646\u0647\u0627 \u0639\u0644\u0649 \u0633\u0628\u064a\u0644 \u0627\u0644\u0645\u062b\u0627\u0644: \u0627\u062c\u062a\u0645\u0627\u0639\u0627\u062a \u0627\u0644\u0623\u0647\u0627\u0644\u064a \u0648\u0627\u0644\u0645\u0639\u0644\u0645\u064a\u0646 \u0627\u0644\u0645\u062d\u0627\u0636\u0631\u0627\u062a \u0627\u0644\u062a\u062b\u0642\u064a\u0641\u064a\u0629 \u062c\u0644\u0633\u0627\u062a \u0627\u0644\u062a\u0642\u064a\u064a\u0645 \u0627\u0644\u0633\u0644\u0648\u0643\u064a\u0629 \u0648\u0627\u0644\u0623\u0643\u0627\u062f\u064a\u0645\u064a\u0629 \u0627\u0644\u0645\u0624\u062a\u0645\u0631\u0627\u062a \u0645\u0631\u0627\u0633\u0645 \u0627\u0644\u062a\u062e\u0631\u062c \u0648 \u0627\u0644\u062a\u0631\u0641\u064a\u0639&#8230;<\/p>\n","protected":false},"author":1740,"featured_media":0,"parent":0,"menu_order":0,"comment_status":"closed","ping_status":"closed","template":"","meta":{"_kad_blocks_custom_css":"","_kad_blocks_head_custom_js":"","_kad_blocks_body_custom_js":"","_kad_blocks_footer_custom_js":"","_kadence_starter_templates_imported_post":false,"_kad_post_transparent":"","_kad_post_title":"","_kad_post_layout":"","_kad_post_sidebar_id":"","_kad_post_content_style":"","_kad_post_vertical_padding":"","_kad_post_feature":"","_kad_post_feature_position":"","_kad_post_header":false,"_kad_post_footer":false,"_kad_post_classname":"","footnotes":""},"class_list":["post-65","page","type-page","status-publish","hentry"],"taxonomy_info":[],"featured_image_src_large":false,"author_info":{"display_name":"","author_link":"https:\/\/dearbornschools.org\/translations\/author\/"},"comment_info":0,"_links":{"self":[{"href":"https:\/\/dearbornschools.org\/translations\/wp-json\/wp\/v2\/pages\/65","targetHints":{"allow":["GET"]}}],"collection":[{"href":"https:\/\/dearbornschools.org\/translations\/wp-json\/wp\/v2\/pages"}],"about":[{"href":"https:\/\/dearbornschools.org\/translations\/wp-json\/wp\/v2\/types\/page"}],"author":[{"embeddable":true,"href":"https:\/\/dearbornschools.org\/translations\/wp-json\/wp\/v2\/users\/1740"}],"replies":[{"embeddable":true,"href":"https:\/\/dearbornschools.org\/translations\/wp-json\/wp\/v2\/comments?post=65"}],"version-history":[{"count":2,"href":"https:\/\/dearbornschools.org\/translations\/wp-json\/wp\/v2\/pages\/65\/revisions"}],"predecessor-version":[{"id":1361,"href":"https:\/\/dearbornschools.org\/translations\/wp-json\/wp\/v2\/pages\/65\/revisions\/1361"}],"wp:attachment":[{"href":"https:\/\/dearbornschools.org\/translations\/wp-json\/wp\/v2\/media?parent=65"}],"curies":[{"name":"wp","href":"https:\/\/api.w.org\/{rel}","templated":true}]}}